{"id":728,"date":"2023-12-20T10:55:35","date_gmt":"2023-12-20T10:55:35","guid":{"rendered":"https:\/\/arkeo.bilkent.edu.tr\/?page_id=728"},"modified":"2024-10-15T09:25:57","modified_gmt":"2024-10-15T09:25:57","slug":"sagalassos-archaeological-research-project","status":"publish","type":"page","link":"https:\/\/arkeo.bilkent.edu.tr\/?page_id=728","title":{"rendered":"Sagalassos Archaeological Research Project"},"content":{"rendered":"\n<div class=\"wp-block-uagb-image uagb-block-09b5fb75 wp-block-uagb-image--layout-default wp-block-uagb-image--effect-static wp-block-uagb-image--align-none\"><figure class=\"wp-block-uagb-image__figure\"><img decoding=\"async\" srcset=\"https:\/\/arkeo.bilkent.edu.tr\/wp-content\/uploads\/2024\/03\/Picture1-edited-scaled.jpg ,https:\/\/arkeo.bilkent.edu.tr\/wp-content\/uploads\/2024\/03\/Picture1-scaled.jpg 780w, https:\/\/arkeo.bilkent.edu.tr\/wp-content\/uploads\/2024\/03\/Picture1-scaled.jpg 360w\" sizes=\"auto, (max-width: 480px) 150px\" src=\"https:\/\/arkeo.bilkent.edu.tr\/wp-content\/uploads\/2024\/03\/Picture1-edited-scaled.jpg\" alt=\"\" class=\"uag-image-885\" width=\"742\" height=\"467\" title=\"Picture1\" loading=\"lazy\" role=\"img\"\/><\/figure><\/div>\n\n\n\n<hr class=\"wp-block-separator has-alpha-channel-opacity\"\/>\n\n\n\n<h3 class=\"wp-block-heading\"><strong>History of Sagalassos<\/strong><\/h3>\n\n\n\n<p><strong>Sagalassos<\/strong>&nbsp;was situated in ancient <strong>Pisidia<\/strong>, a region named after an ethnic group descendent from the Indo-European Luwians. The region of Pisidia corresponds with the present-day Lake District in the Turkish provinces of Burdur, Isparta and Antalya. Being part of the western Taurus, typical features of the Pisidian landscape are mountainous terrain, forested hills, valleys with river streams, and large plains with&nbsp;lakes <strong>(Figure 1)<\/strong>.<\/p>\n\n\n\n<div class=\"wp-block-uagb-image alignright uagb-block-4e54b3e4 wp-block-uagb-image--layout-default wp-block-uagb-image--effect-static wp-block-uagb-image--align-right\"><figure class=\"wp-block-uagb-image__figure\"><img decoding=\"async\" srcset=\"https:\/\/arkeo.bilkent.edu.tr\/wp-content\/uploads\/2024\/03\/Intro1-1024x492.jpg ,https:\/\/arkeo.bilkent.edu.tr\/wp-content\/uploads\/2024\/03\/Intro1.jpg 780w, https:\/\/arkeo.bilkent.edu.tr\/wp-content\/uploads\/2024\/03\/Intro1.jpg 360w\" sizes=\"auto, (max-width: 480px) 150px\" src=\"https:\/\/arkeo.bilkent.edu.tr\/wp-content\/uploads\/2024\/03\/Intro1-1024x492.jpg\" alt=\"\" class=\"uag-image-879\" width=\"456\" height=\"175\" title=\"Intro1\" loading=\"lazy\" role=\"img\"\/><figcaption class=\"uagb-image-caption\"><strong>Figure 1<\/strong>: Pisidian landscape.<\/figcaption><\/figure><\/div>\n\n\n\n<p>The earliest indications of human activity in the study area are lithic artefacts that could be dated back to the Middle Palaeolithic (150,000\u201345,000 BP). Despite these occasional finds, the prehistory of the Burdur area is mainly known from late prehistoric mound sites in the plains, such as Hac\u0131lar and Kuru\u00e7ay H\u00f6y\u00fck. All known sites from Late Neolithic and Early Chalcolithic times (6500-5500 BCE) were located in the valleys, with a clear preference for locations near fresh water sources, as well as fertile land, suggesting these locations were specifically cho\u00adsen for agricultural purposes. More is known from the Late Chalcolithic and Early Bronze Age periods (4200-2000 BCE), revealing the development of a dense settlement pattern.<\/p>\n\n\n\n<p>At Sagalassos and in its immediate hinterland, virtually no traces of occupation in this period of time have been attested. Recent material studies identified only few sherds dateable to the&nbsp;<strong>Iron Age period<\/strong>&nbsp;(possibly 7th-6th&nbsp;century BCE). The&nbsp;<strong>first traces of occupation at Sagalassos<\/strong>&nbsp;can&nbsp;be dated back to late Achaemenid times (late 5th&nbsp;century BCE), however direct sociocultural impact of this Persian administration on local configurations has been downplayed in recent archaeological research. At the same time of community formation at Sagalassos, traces of habitation can be found in other places throughout the A\u011flasun valley.&nbsp;Most notably at a village located on a plateau overlooking the valley, situated&nbsp;about 1.8 km to the southwest of Sagalassos, at a site called&nbsp;<strong>D\u00fczen Tepe<\/strong>, as well as a number of farms spread throughout the valley.<\/p>\n\n\n\n<p>In 334 BCE, the Macedonian king&nbsp;<strong>Alexander<\/strong>&nbsp;<strong>III<\/strong> (later named the Great) conquered the Achaemenid Empire. According to the Roman historian Arrian, Alexander in 333 BCE took Sagalassos by storm after breaking&nbsp;local resistance. The settlement was described as \u2019<em>not a small city<\/em>\u2019 at the time. Yet, as far as the archaeological record shows, it was probably no more than a village. As a result of Alexander&#8217;s conquest, the area of Sagalassos and Pisidia became part of&nbsp;the Hellenistic world. It was ruled by a series of successive dynasties after Alexander\u2019s death, respectively the Antigonids (321-281 BCE), the Seleucids (281-188&nbsp;BCE), and the Attalids (188-133 BCE). During this period, communities in the geographic area of Pisidia gradually converged into larger territories associated with a number of urban centres, such as at Termessos, Selge&nbsp;and Sagalassos. At Sagalassos, the territory was extended to include the fertile Burdur plain in the early 2nd&nbsp;century BCE at the latest, possibly as a result of Seleucid policies or stimuli. A lot of&nbsp;Hellenistic settlements in the area were either fortified or located at elevated positions within the landscape, suggesting a continued concern for safety rather than agricultural potential.&nbsp;<\/p>\n\n\n\n<p>After the death of Attalos III in 133 BCE, the&nbsp;Romans reorganised most of the Attalid kingdom into provinces and client kingdoms. Following several decades of conflict, Pisidia came under the rule of Amyntas of Galatia in 36 BCE. His death in&nbsp;25 BCE meant the incorporation of Pisidia into the Roman province of Galatia by the emperor Augustus.&nbsp;<\/p>\n\n\n<div class=\"wp-block-image\">\n<figure class=\"alignleft size-full is-resized\"><img loading=\"lazy\" decoding=\"async\" width=\"883\" height=\"1024\" src=\"https:\/\/arkeo.bilkent.edu.tr\/wp-content\/uploads\/2024\/03\/Intro8.jpg\" alt=\"\" class=\"wp-image-874\" style=\"aspect-ratio:1;object-fit:cover;width:346px;height:auto\" srcset=\"https:\/\/arkeo.bilkent.edu.tr\/wp-content\/uploads\/2024\/03\/Intro8.jpg 883w, https:\/\/arkeo.bilkent.edu.tr\/wp-content\/uploads\/2024\/03\/Intro8-259x300.jpg 259w, https:\/\/arkeo.bilkent.edu.tr\/wp-content\/uploads\/2024\/03\/Intro8-768x891.jpg 768w\" sizes=\"auto, (max-width: 883px) 100vw, 883px\" \/><figcaption class=\"wp-element-caption\"><strong>Figure 2: <\/strong>Assemblage Sagalassos <br>Red Slip Ware<\/figcaption><\/figure><\/div>\n\n\n<p>During the&nbsp;Roman Imperial period, increased construction of public buildings markedly changed the physical outlook of Sagalassos and many other cities. Local potters also started to produce a new type of fine Roman-style tablewares during the reign of Augustus, the so-called Sagalassos Red Slip Ware (SRSW) <strong>(Figure 2)<\/strong>, which continued until the 7th&nbsp;century CE. The community at Sagalassos \u2013 both elite and non-elite \u2013 made good use of the opportunities offered by the Roman Empire, and the city quickly became the&nbsp;<strong>first city of Pisidia<\/strong>.<\/p>\n\n\n\n<p>Urban expansion and building activities reached new heights under the reign of Hadrian [Figure 2] when a veritable \u2018building boom\u2019 ensued, including the Neon library, the Hadrianic nymphaeum, the Temples of Apollo&nbsp;<em>Klarios<\/em>&nbsp;and Antoninus Pius, and most notably the massive Roman Baths. Under his successors, the Baths were completed, as well as the Macellum situated between the Lower and Upper Agora <strong>(Figure 3)<\/strong>. It is possible that the construction of the impressive theatre <strong>(Figure 4)<\/strong> was initiated at this time as well. The elaboration of the urban infrastructure of Sagalassos would continue well into the 3rd&nbsp;century CE. In the&nbsp;<strong>early 4th&nbsp;century CE<\/strong>, the administration of the Roman Empire was re-organized and Sagalassos lost its leading role in the area to Pisidian Antioch.<\/p>\n\n\n\n<div class=\"wp-block-uagb-image aligncenter uagb-block-0d3b0822 wp-block-uagb-image--layout-default wp-block-uagb-image--effect-static wp-block-uagb-image--align-center\"><figure class=\"wp-block-uagb-image__figure\"><img decoding=\"async\" srcset=\"https:\/\/arkeo.bilkent.edu.tr\/wp-content\/uploads\/2024\/03\/Intro7-1-1024x684.jpg ,https:\/\/arkeo.bilkent.edu.tr\/wp-content\/uploads\/2024\/03\/Intro7-1.jpg 780w, https:\/\/arkeo.bilkent.edu.tr\/wp-content\/uploads\/2024\/03\/Intro7-1.jpg 360w\" sizes=\"auto, (max-width: 480px) 150px\" src=\"https:\/\/arkeo.bilkent.edu.tr\/wp-content\/uploads\/2024\/03\/Intro7-1-1024x684.jpg\" alt=\"\" class=\"uag-image-883\" width=\"736\" height=\"52\" title=\"Intro7-1\" loading=\"lazy\" role=\"img\"\/><figcaption class=\"uagb-image-caption\"><strong>Figure 3: <\/strong>View of the Upper Agora.<br><\/figcaption><\/figure><\/div>\n\n\n\n<div class=\"wp-block-uagb-image uagb-block-7e11debf wp-block-uagb-image--layout-default wp-block-uagb-image--effect-static wp-block-uagb-image--align-none\"><figure class=\"wp-block-uagb-image__figure\"><img decoding=\"async\" srcset=\"https:\/\/arkeo.bilkent.edu.tr\/wp-content\/uploads\/2024\/03\/History.jpg ,https:\/\/arkeo.bilkent.edu.tr\/wp-content\/uploads\/2024\/03\/History.jpg 780w, https:\/\/arkeo.bilkent.edu.tr\/wp-content\/uploads\/2024\/03\/History.jpg 360w\" sizes=\"auto, (max-width: 480px) 150px\" src=\"https:\/\/arkeo.bilkent.edu.tr\/wp-content\/uploads\/2024\/03\/History.jpg\" alt=\"\" class=\"uag-image-884\" width=\"1000\" height=\"750\" title=\"History\" loading=\"lazy\" role=\"img\"\/><figcaption class=\"uagb-image-caption\"><strong>Figure 4: <\/strong>View of the theater.<\/figcaption><\/figure><\/div>\n\n\n\n<p>Between the middle of the&nbsp;<strong>5th&nbsp;and the 6th&nbsp;century&nbsp;CE<\/strong>, amongst other buildings, nine churches were raised within the city and its periphery. Existing urban structures and features remained in use and well maintained, including the Baths complex, the city squares, porticoes and streets. From the late 6th&nbsp;century onwards, Sagalassos gradually attained a less urban character, as many public spaces and buildings became subdivided in several smaller units. This process of encroachment can be seen as indicative for the transformation of the urban fabric at the time.<\/p>\n\n\n\n<div class=\"wp-block-uagb-image alignright uagb-block-97119d63 wp-block-uagb-image--layout-default wp-block-uagb-image--effect-static wp-block-uagb-image--align-right\"><figure class=\"wp-block-uagb-image__figure\"><img decoding=\"async\" srcset=\"https:\/\/arkeo.bilkent.edu.tr\/wp-content\/uploads\/2024\/03\/Intro5-1024x768.jpg ,https:\/\/arkeo.bilkent.edu.tr\/wp-content\/uploads\/2024\/03\/Intro5.jpg 780w, https:\/\/arkeo.bilkent.edu.tr\/wp-content\/uploads\/2024\/03\/Intro5.jpg 360w\" sizes=\"auto, (max-width: 480px) 150px\" src=\"https:\/\/arkeo.bilkent.edu.tr\/wp-content\/uploads\/2024\/03\/Intro5-1024x768.jpg\" alt=\"\" class=\"uag-image-875\" width=\"462\" height=\"296\" title=\"Intro5\" loading=\"lazy\" role=\"img\"\/><figcaption class=\"uagb-image-caption\"><strong>Figure <\/strong>5: View of Alexander\u2019s Hill.<\/figcaption><\/figure><\/div>\n\n\n\n<p>A devastating earthquake in the&nbsp;<strong>7th&nbsp;century CE<\/strong>&nbsp;proved to be the deathblow for many of the public buildings. The community seems to have resettled around a&nbsp;<em>kastron<\/em>&nbsp;on the plateau of the partially dismantled sanctuary of Antoninus Pius.<\/p>\n\n\n\n<p>Ecclesiastical sources show that Sagalassos remained a&nbsp;<strong>bishopric<\/strong>&nbsp;of the province of Pisidia, indicating a certain degree of continuity. Occupation at the&nbsp;<em>kastron<\/em>&nbsp;continued in the Middle Byzantine period, however it is likely that the&nbsp;destruction of the fortress&nbsp;on top of Alexander\u2019s Hill <strong>(Figure 5)<\/strong> in the early 13th&nbsp;century heralded the end of Sagalassos as an organized community. Afterwards, Sagalassos became part of the&nbsp;<strong>Anatolian Seljuk sultanate<\/strong>&nbsp;and occupation at the mountain slopes was abandoned in favour of the growing community in the valley bottom, which developed into the modern village of&nbsp;<strong>A\u011flasun<\/strong>.<\/p>\n\n\n\n<h3 class=\"wp-block-heading\">Recent publications<\/h3>\n\n\n\n<p><a href=\"https:\/\/lup.be\/book\/documenting-ancient-sagalassos\/\">Documenting Ancient Sagalassos<\/a><\/p>\n\n\n\n<h3 class=\"wp-block-heading\">Sagalassos in the news<\/h3>\n\n\n\n<figure class=\"wp-block-embed is-type-video is-provider-youtube wp-block-embed-youtube wp-embed-aspect-4-3 wp-has-aspect-ratio\"><div class=\"wp-block-embed__wrapper\">\n<iframe loading=\"lazy\" title=\"Sagalassos Excavation Featured on TRT Haber | Exclusive Interview with Peter Talloen | \u00a9 TRT Haber\" width=\"712\" height=\"534\" src=\"https:\/\/www.youtube.com\/embed\/EpyPGINYeBU?feature=oembed\" frameborder=\"0\" allow=\"accelerometer; autoplay; clipboard-write; encrypted-media; gyroscope; picture-in-picture; web-share\" referrerpolicy=\"strict-origin-when-cross-origin\" allowfullscreen><\/iframe>\n<\/div><\/figure>\n","protected":false},"excerpt":{"rendered":"<p>History of Sagalassos Sagalassos&nbsp;was situated in ancient Pisidia, a region named after an ethnic group descendent from the Indo-European Luwians. The region of Pisidia corresponds with the present-day Lake District in the Turkish provinces of Burdur, Isparta and Antalya. Being part of the western Taurus, typical features of the Pisidian landscape are mountainous terrain, forested &hellip; <a href=\"https:\/\/arkeo.bilkent.edu.tr\/?page_id=728\" class=\"more-link\">Continue reading <span class=\"screen-reader-text\">Sagalassos Archaeological Research Project<\/span><\/a><\/p>\n","protected":false},"author":1,"featured_media":0,"parent":41,"menu_order":0,"comment_status":"closed","ping_status":"closed","template":"templates\/full-width-page.php","meta":{"_uag_custom_page_level_css":"","footnotes":""},"tags":[],"class_list":["post-728","page","type-page","status-publish","hentry","no-featured-image"],"jetpack_sharing_enabled":true,"uagb_featured_image_src":{"full":false,"thumbnail":false,"medium":false,"medium_large":false,"large":false,"1536x1536":false,"2048x2048":false,"ixion-featured-content":false,"ixion-featured-image":false,"ixion-avatar":false},"uagb_author_info":{"display_name":"arkeoadm","author_link":"https:\/\/arkeo.bilkent.edu.tr\/?author=1"},"uagb_comment_info":0,"uagb_excerpt":"History of Sagalassos Sagalassos&nbsp;was situated in ancient Pisidia, a region named after an ethnic group descendent from the Indo-European Luwians. The region of Pisidia corresponds with the present-day Lake District in the Turkish provinces of Burdur, Isparta and Antalya. Being part of the western Taurus, typical features of the Pisidian landscape are mountainous terrain, forested&hellip;","_links":{"self":[{"href":"https:\/\/arkeo.bilkent.edu.tr\/index.php?rest_route=\/wp\/v2\/pages\/728","targetHints":{"allow":["GET"]}}],"collection":[{"href":"https:\/\/arkeo.bilkent.edu.tr\/index.php?rest_route=\/wp\/v2\/pages"}],"about":[{"href":"https:\/\/arkeo.bilkent.edu.tr\/index.php?rest_route=\/wp\/v2\/types\/page"}],"author":[{"embeddable":true,"href":"https:\/\/arkeo.bilkent.edu.tr\/index.php?rest_route=\/wp\/v2\/users\/1"}],"replies":[{"embeddable":true,"href":"https:\/\/arkeo.bilkent.edu.tr\/index.php?rest_route=%2Fwp%2Fv2%2Fcomments&post=728"}],"version-history":[{"count":19,"href":"https:\/\/arkeo.bilkent.edu.tr\/index.php?rest_route=\/wp\/v2\/pages\/728\/revisions"}],"predecessor-version":[{"id":1118,"href":"https:\/\/arkeo.bilkent.edu.tr\/index.php?rest_route=\/wp\/v2\/pages\/728\/revisions\/1118"}],"up":[{"embeddable":true,"href":"https:\/\/arkeo.bilkent.edu.tr\/index.php?rest_route=\/wp\/v2\/pages\/41"}],"wp:attachment":[{"href":"https:\/\/arkeo.bilkent.edu.tr\/index.php?rest_route=%2Fwp%2Fv2%2Fmedia&parent=728"}],"wp:term":[{"taxonomy":"post_tag","embeddable":true,"href":"https:\/\/arkeo.bilkent.edu.tr\/index.php?rest_route=%2Fwp%2Fv2%2Ftags&post=728"}],"curies":[{"name":"wp","href":"https:\/\/api.w.org\/{rel}","templated":true}]}}