{"id":532,"date":"2023-12-06T07:41:54","date_gmt":"2023-12-06T07:41:54","guid":{"rendered":"https:\/\/arkeo.bilkent.edu.tr\/?page_id=532"},"modified":"2023-12-06T09:59:43","modified_gmt":"2023-12-06T09:59:43","slug":"muge-durusu-tanriover","status":"publish","type":"page","link":"https:\/\/arkeo.bilkent.edu.tr\/?page_id=532","title":{"rendered":"M\u00fcge Durusu-Tanr\u0131\u00f6ver"},"content":{"rendered":"\n<div class=\"wp-block-uagb-image alignright uagb-block-6aa6a0c3 wp-block-uagb-image--layout-default wp-block-uagb-image--effect-static wp-block-uagb-image--align-right\"><figure class=\"wp-block-uagb-image__figure\"><img decoding=\"async\" srcset=\"https:\/\/arkeo.bilkent.edu.tr\/wp-content\/uploads\/2023\/12\/muge.jpg ,https:\/\/arkeo.bilkent.edu.tr\/wp-content\/uploads\/2023\/12\/muge.jpg 780w, https:\/\/arkeo.bilkent.edu.tr\/wp-content\/uploads\/2023\/12\/muge.jpg 360w\" sizes=\"auto, (max-width: 480px) 150px\" src=\"https:\/\/arkeo.bilkent.edu.tr\/wp-content\/uploads\/2023\/12\/muge.jpg\" alt=\"\" class=\"uag-image-530\" width=\"200\" height=\"300\" title=\"\" loading=\"lazy\"\/><\/figure><\/div>\n\n\n\n<p>M\u00fcge Durusu-Tanr\u0131\u00f6ver received her PhD in Archaeology from Brown University (2016). After briefly teaching at Brown, M\u00fcge joined Bilkent University&#8217;s Department of Urban Design and Landscape Architecture in 2017. M\u00fcge&#8217;s research methodology is rooted in landscape archaeology, while her main interests emphasize the interaction between imperial centers and peripheries in the ancient Near East, questioning how the centers and borderlands conflict and interact, resulting in hybrid landscapes and practices. Since 2011, she has been a core team member of the Yalburt Yaylas\u0131 Archaeological Landscape Research Project directed by Prof. \u00d6m\u00fcr Harman\u015fah (Universi\u0131ty of Illinois at Chicago), where she works on the analysis and publication of the second millennium BCE material culture.<\/p>\n\n\n\n<h4 class=\"wp-block-heading\">Research Interests<\/h4>\n\n\n\n<p>Landscape Archaeology, Bronze and Iron Age Anatolia and the Near East, Archaeological Method and Theory, Archaeology of Imperialism<\/p>\n\n\n\n<div class=\"wp-block-uagb-separator uagb-block-73b10ae5\"><div class=\"wp-block-uagb-separator__inner\" style=\"--my-background-image:\"><\/div><\/div>\n\n\n\n<figure class=\"wp-block-embed is-type-video is-provider-youtube wp-block-embed-youtube wp-embed-aspect-16-9 wp-has-aspect-ratio\"><div class=\"wp-block-embed__wrapper\">\n<iframe loading=\"lazy\" title=\"Department of Archaeology - Mu\u0308ge Durusu Tanr\u0131o\u0308ver\" width=\"712\" height=\"401\" src=\"https:\/\/www.youtube.com\/embed\/tbSrXS3J8GU?feature=oembed\" frameborder=\"0\" allow=\"accelerometer; autoplay; clipboard-write; encrypted-media; gyroscope; picture-in-picture; web-share\" allowfullscreen><\/iframe>\n<\/div><\/figure>\n","protected":false},"excerpt":{"rendered":"<p>M\u00fcge Durusu-Tanr\u0131\u00f6ver received her PhD in Archaeology from Brown University (2016). After briefly teaching at Brown, M\u00fcge joined Bilkent University&#8217;s Department of Urban Design and Landscape Architecture in 2017. M\u00fcge&#8217;s research methodology is rooted in landscape archaeology, while her main interests emphasize the interaction between imperial centers and peripheries in the ancient Near East, questioning &hellip; <a href=\"https:\/\/arkeo.bilkent.edu.tr\/?page_id=532\" class=\"more-link\">Continue reading <span class=\"screen-reader-text\">M\u00fcge Durusu-Tanr\u0131\u00f6ver<\/span><\/a><\/p>\n","protected":false},"author":1,"featured_media":0,"parent":238,"menu_order":0,"comment_status":"closed","ping_status":"closed","template":"templates\/full-width-page.php","meta":{"_uag_custom_page_level_css":"","footnotes":""},"tags":[],"class_list":["post-532","page","type-page","status-publish","hentry","no-featured-image"],"jetpack_sharing_enabled":true,"uagb_featured_image_src":{"full":false,"thumbnail":false,"medium":false,"medium_large":false,"large":false,"1536x1536":false,"2048x2048":false,"ixion-featured-content":false,"ixion-featured-image":false,"ixion-avatar":false},"uagb_author_info":{"display_name":"arkeoadm","author_link":"https:\/\/arkeo.bilkent.edu.tr\/?author=1"},"uagb_comment_info":0,"uagb_excerpt":"M\u00fcge Durusu-Tanr\u0131\u00f6ver received her PhD in Archaeology from Brown University (2016). After briefly teaching at Brown, M\u00fcge joined Bilkent University&#8217;s Department of Urban Design and Landscape Architecture in 2017. M\u00fcge&#8217;s research methodology is rooted in landscape archaeology, while her main interests emphasize the interaction between imperial centers and peripheries in the ancient Near East, questioning&hellip;","_links":{"self":[{"href":"https:\/\/arkeo.bilkent.edu.tr\/index.php?rest_route=\/wp\/v2\/pages\/532","targetHints":{"allow":["GET"]}}],"collection":[{"href":"https:\/\/arkeo.bilkent.edu.tr\/index.php?rest_route=\/wp\/v2\/pages"}],"about":[{"href":"https:\/\/arkeo.bilkent.edu.tr\/index.php?rest_route=\/wp\/v2\/types\/page"}],"author":[{"embeddable":true,"href":"https:\/\/arkeo.bilkent.edu.tr\/index.php?rest_route=\/wp\/v2\/users\/1"}],"replies":[{"embeddable":true,"href":"https:\/\/arkeo.bilkent.edu.tr\/index.php?rest_route=%2Fwp%2Fv2%2Fcomments&post=532"}],"version-history":[{"count":3,"href":"https:\/\/arkeo.bilkent.edu.tr\/index.php?rest_route=\/wp\/v2\/pages\/532\/revisions"}],"predecessor-version":[{"id":562,"href":"https:\/\/arkeo.bilkent.edu.tr\/index.php?rest_route=\/wp\/v2\/pages\/532\/revisions\/562"}],"up":[{"embeddable":true,"href":"https:\/\/arkeo.bilkent.edu.tr\/index.php?rest_route=\/wp\/v2\/pages\/238"}],"wp:attachment":[{"href":"https:\/\/arkeo.bilkent.edu.tr\/index.php?rest_route=%2Fwp%2Fv2%2Fmedia&parent=532"}],"wp:term":[{"taxonomy":"post_tag","embeddable":true,"href":"https:\/\/arkeo.bilkent.edu.tr\/index.php?rest_route=%2Fwp%2Fv2%2Ftags&post=532"}],"curies":[{"name":"wp","href":"https:\/\/api.w.org\/{rel}","templated":true}]}}