{"id":486,"date":"2023-12-04T13:11:39","date_gmt":"2023-12-04T13:11:39","guid":{"rendered":"https:\/\/arkeo.bilkent.edu.tr\/?page_id=486"},"modified":"2024-05-13T20:33:14","modified_gmt":"2024-05-13T20:33:14","slug":"after-bilkent","status":"publish","type":"page","link":"https:\/\/arkeo.bilkent.edu.tr\/?page_id=486","title":{"rendered":"After Bilkent"},"content":{"rendered":"\n<div class=\"wp-block-uagb-container uagb-block-54628da1 alignwide uagb-is-root-container\">\n<div class=\"wp-block-uagb-advanced-heading uagb-block-ac3ae063\"><h2 class=\"uagb-heading-text\">Alumni Voices<\/h2><p class=\"uagb-desc-text\">Nine graduates of our department speak about their careers, the study of archaeology, and memories of their student days.<\/p><\/div>\n\n\n\n<div class=\"wp-block-uagb-container uagb-block-807bd920\">\n<div class=\"wp-block-uagb-container uagb-block-a6a5b1f2\">\n<div class=\"wp-block-uagb-info-box uagb-block-b96ace52 uagb-infobox__content-wrap  uagb-infobox-icon-above-title uagb-infobox-image-valign-top\"><div class=\"uagb-ifb-content\"><div class=\"uagb-ifb-image-content\"><img decoding=\"async\" src=\"https:\/\/arkeo.bilkent.edu.tr\/wp-content\/uploads\/2023\/12\/Huseyin_Eryurt-150x150.png\" alt=\"\" width=\"188\" height=\"188\" loading=\"lazy\"\/><\/div><div class=\"uagb-ifb-title-wrap\"><h5 class=\"uagb-ifb-title\"><a href=\"https:\/\/arkeo.bilkent.edu.tr\/?page_id=967\">H\u00fcseyin Eryurt<\/a><\/h5><\/div><p class=\"uagb-ifb-desc\">Project Manager<br>Culture Routes Society<\/p><\/div><\/div>\n<\/div>\n\n\n\n<div class=\"wp-block-uagb-container uagb-block-df60d2a5\">\n<div class=\"wp-block-uagb-info-box uagb-block-814b4519 uagb-infobox__content-wrap  uagb-infobox-icon-above-title uagb-infobox-image-valign-top\"><div class=\"uagb-ifb-content\"><div class=\"uagb-ifb-image-content\"><img decoding=\"async\" src=\"https:\/\/arkeo.bilkent.edu.tr\/wp-content\/uploads\/2023\/12\/Muge_Bulu_Akar-150x150.png\" alt=\"\" width=\"188\" height=\"188\" loading=\"lazy\"\/><\/div><div class=\"uagb-ifb-title-wrap\"><h5 class=\"uagb-ifb-title\"><a href=\"https:\/\/arkeo.bilkent.edu.tr\/?page_id=970\">M\u00fcge Bulu Akar<\/a><\/h5><\/div><p class=\"uagb-ifb-desc\">Pottery Specialist<br>Tell Atchana\/Alalakh Excavations, Hatay<\/p><\/div><\/div>\n<\/div>\n\n\n\n<div class=\"wp-block-uagb-container uagb-block-0953ad6b\">\n<div class=\"wp-block-uagb-info-box uagb-block-7539f8e3 uagb-infobox__content-wrap  uagb-infobox-icon-above-title uagb-infobox-image-valign-top\"><div class=\"uagb-ifb-content\"><div class=\"uagb-ifb-image-content\"><img decoding=\"async\" src=\"https:\/\/arkeo.bilkent.edu.tr\/wp-content\/uploads\/2023\/12\/Arzu_Beril_Kirci-150x150.png\" alt=\"\" width=\"188\" height=\"188\" loading=\"lazy\"\/><\/div><div class=\"uagb-ifb-title-wrap\"><h5 class=\"uagb-ifb-title\"><a href=\"https:\/\/arkeo.bilkent.edu.tr\/?page_id=973\">Arzu Beril K\u0131rc\u0131<\/a><\/h5><\/div><p class=\"uagb-ifb-desc\">Project Specialist at Ko\u00e7 University (VEKAM)<\/p><\/div><\/div>\n<\/div>\n\n\n\n<div class=\"wp-block-uagb-container uagb-block-e58bbcb6\">\n<div class=\"wp-block-uagb-info-box uagb-block-b1522781 uagb-infobox__content-wrap  uagb-infobox-icon-above-title uagb-infobox-image-valign-top\"><div class=\"uagb-ifb-content\"><div class=\"uagb-ifb-image-content\"><img decoding=\"async\" src=\"https:\/\/arkeo.bilkent.edu.tr\/wp-content\/uploads\/2023\/12\/Kina_Yurdayol_Arcak-150x150.png\" alt=\"\" width=\"188\" height=\"188\" loading=\"lazy\"\/><\/div><div class=\"uagb-ifb-title-wrap\"><h5 class=\"uagb-ifb-title\"><a href=\"https:\/\/arkeo.bilkent.edu.tr\/?page_id=976\">K\u0131na Yurdayol Arcak<\/a><\/h5><\/div><p class=\"uagb-ifb-desc\">Archaeologist<br>Ministry of Culture and Tourism<\/p><\/div><\/div>\n<\/div>\n<\/div>\n<\/div>\n\n\n\n<div class=\"wp-block-uagb-container uagb-block-4f6db41c alignwide uagb-is-root-container\">\n<div class=\"wp-block-uagb-container uagb-block-e3f30093\">\n<div class=\"wp-block-uagb-container uagb-block-9e56f2b2\">\n<div class=\"wp-block-uagb-info-box uagb-block-f45c5538 uagb-infobox__content-wrap  uagb-infobox-icon-above-title uagb-infobox-image-valign-top\"><div class=\"uagb-ifb-content\"><div class=\"uagb-ifb-image-content\"><img decoding=\"async\" src=\"https:\/\/arkeo.bilkent.edu.tr\/wp-content\/uploads\/2023\/12\/Burcu_Erciyas-150x150.png\" alt=\"\" width=\"188\" height=\"188\" loading=\"lazy\"\/><\/div><div class=\"uagb-ifb-title-wrap\"><h5 class=\"uagb-ifb-title\"><a href=\"https:\/\/arkeo.bilkent.edu.tr\/?page_id=979\">Burcu Erciyas<\/a><\/h5><\/div><p class=\"uagb-ifb-desc\">Archaeologist, METU<br><\/p><\/div><\/div>\n<\/div>\n\n\n\n<div class=\"wp-block-uagb-container uagb-block-140696c0\">\n<div class=\"wp-block-uagb-info-box uagb-block-f2262a99 uagb-infobox__content-wrap  uagb-infobox-icon-above-title uagb-infobox-image-valign-top\"><div class=\"uagb-ifb-content\"><div class=\"uagb-ifb-image-content\"><img decoding=\"async\" src=\"https:\/\/arkeo.bilkent.edu.tr\/wp-content\/uploads\/2023\/12\/Murat_Aslan-150x150.png\" alt=\"\" width=\"188\" height=\"188\" loading=\"lazy\"\/><\/div><div class=\"uagb-ifb-title-wrap\"><h5 class=\"uagb-ifb-title\"><a href=\"https:\/\/arkeo.bilkent.edu.tr\/?page_id=982\">Murat Aslan<\/a><\/h5><\/div><p class=\"uagb-ifb-desc\">Chair, Ancient History, Department of History, Akdeniz University<\/p><\/div><\/div>\n<\/div>\n\n\n\n<div class=\"wp-block-uagb-container uagb-block-20f9ad0d\">\n<div class=\"wp-block-uagb-info-box uagb-block-5c468488 uagb-infobox__content-wrap  uagb-infobox-icon-above-title uagb-infobox-image-valign-top\"><div class=\"uagb-ifb-content\"><div class=\"uagb-ifb-image-content\"><img decoding=\"async\" src=\"https:\/\/arkeo.bilkent.edu.tr\/wp-content\/uploads\/2023\/12\/Tumay_Asena-150x150.png\" alt=\"\" width=\"188\" height=\"188\" loading=\"lazy\"\/><\/div><div class=\"uagb-ifb-title-wrap\"><h5 class=\"uagb-ifb-title\"><a href=\"https:\/\/arkeo.bilkent.edu.tr\/?page_id=985\">Tumay Asena<\/a><\/h5><\/div><p class=\"uagb-ifb-desc\">Entrepreneur, CEO<\/p><\/div><\/div>\n<\/div>\n\n\n\n<div class=\"wp-block-uagb-container uagb-block-2e1face5\">\n<div class=\"wp-block-uagb-info-box uagb-block-6bf36532 uagb-infobox__content-wrap  uagb-infobox-icon-above-title uagb-infobox-image-valign-top\"><div class=\"uagb-ifb-content\"><div class=\"uagb-ifb-image-content\"><img decoding=\"async\" src=\"https:\/\/arkeo.bilkent.edu.tr\/wp-content\/uploads\/2023\/12\/Taylan_Tasbasi-150x150.png\" alt=\"\" width=\"188\" height=\"188\" loading=\"lazy\"\/><\/div><div class=\"uagb-ifb-title-wrap\"><h5 class=\"uagb-ifb-title\"><a href=\"https:\/\/arkeo.bilkent.edu.tr\/?page_id=988\">Taylan Ta\u015fba\u015f\u0131<\/a><\/h5><\/div><p class=\"uagb-ifb-desc\">Professional Tour Guide<\/p><\/div><\/div>\n<\/div>\n<\/div>\n<\/div>\n\n\n\n<div class=\"wp-block-uagb-container uagb-block-0a83be99 alignwide uagb-is-root-container\">\n<div class=\"wp-block-uagb-container uagb-block-00cba502\">\n<div class=\"wp-block-uagb-container uagb-block-0c0e88b2\">\n<div class=\"wp-block-uagb-info-box uagb-block-6338a84a uagb-infobox__content-wrap  uagb-infobox-icon-above-title uagb-infobox-image-valign-top\"><div class=\"uagb-ifb-content\"><div class=\"uagb-ifb-image-content\"><img decoding=\"async\" src=\"https:\/\/arkeo.bilkent.edu.tr\/wp-content\/uploads\/2023\/12\/Ummuhan_Kazanc-150x150.png\" alt=\"\" width=\"188\" height=\"188\" loading=\"lazy\"\/><\/div><div class=\"uagb-ifb-title-wrap\"><h5 class=\"uagb-ifb-title\"><a href=\"https:\/\/arkeo.bilkent.edu.tr\/?page_id=991\">\u00dcmm\u00fchan Kazan\u00e7<\/a><\/h5><\/div><p class=\"uagb-ifb-desc\">Art Editor and Writer<br><\/p><\/div><\/div>\n<\/div>\n<\/div>\n<\/div>\n\n\n\n<div data-wp-interactive=\"core\/file\" class=\"wp-block-file\"><object data-wp-bind--hidden=\"!state.hasPdfPreview\" hidden class=\"wp-block-file__embed\" data=\"https:\/\/arkeo.bilkent.edu.tr\/wp-content\/uploads\/2024\/05\/Archaeology_after-Bilkent-1.pdf\" type=\"application\/pdf\" style=\"width:100%;height:500px\" aria-label=\"Embed of Archaeology_after Bilkent.\"><\/object><a id=\"wp-block-file--media-90ee02a4-1288-40f3-9660-9043913d6c95\" href=\"https:\/\/arkeo.bilkent.edu.tr\/?attachment_id=997\">Archaeology_after Bilkent<\/a><\/div>\n","protected":false},"excerpt":{"rendered":"<p>Alumni Voices Nine graduates of our department speak about their careers, the study of archaeology, and memories of their student days.<\/p>\n","protected":false},"author":1,"featured_media":0,"parent":0,"menu_order":0,"comment_status":"closed","ping_status":"closed","template":"templates\/full-width-page.php","meta":{"_uag_custom_page_level_css":"","footnotes":""},"tags":[],"class_list":["post-486","page","type-page","status-publish","hentry","no-featured-image"],"jetpack_sharing_enabled":true,"uagb_featured_image_src":{"full":false,"thumbnail":false,"medium":false,"medium_large":false,"large":false,"1536x1536":false,"2048x2048":false,"ixion-featured-content":false,"ixion-featured-image":false,"ixion-avatar":false},"uagb_author_info":{"display_name":"arkeoadm","author_link":"https:\/\/arkeo.bilkent.edu.tr\/?author=1"},"uagb_comment_info":0,"uagb_excerpt":"Alumni Voices Nine graduates of our department speak about their careers, the study of archaeology, and memories of their student days.","_links":{"self":[{"href":"https:\/\/arkeo.bilkent.edu.tr\/index.php?rest_route=\/wp\/v2\/pages\/486","targetHints":{"allow":["GET"]}}],"collection":[{"href":"https:\/\/arkeo.bilkent.edu.tr\/index.php?rest_route=\/wp\/v2\/pages"}],"about":[{"href":"https:\/\/arkeo.bilkent.edu.tr\/index.php?rest_route=\/wp\/v2\/types\/page"}],"author":[{"embeddable":true,"href":"https:\/\/arkeo.bilkent.edu.tr\/index.php?rest_route=\/wp\/v2\/users\/1"}],"replies":[{"embeddable":true,"href":"https:\/\/arkeo.bilkent.edu.tr\/index.php?rest_route=%2Fwp%2Fv2%2Fcomments&post=486"}],"version-history":[{"count":28,"href":"https:\/\/arkeo.bilkent.edu.tr\/index.php?rest_route=\/wp\/v2\/pages\/486\/revisions"}],"predecessor-version":[{"id":1002,"href":"https:\/\/arkeo.bilkent.edu.tr\/index.php?rest_route=\/wp\/v2\/pages\/486\/revisions\/1002"}],"wp:attachment":[{"href":"https:\/\/arkeo.bilkent.edu.tr\/index.php?rest_route=%2Fwp%2Fv2%2Fmedia&parent=486"}],"wp:term":[{"taxonomy":"post_tag","embeddable":true,"href":"https:\/\/arkeo.bilkent.edu.tr\/index.php?rest_route=%2Fwp%2Fv2%2Ftags&post=486"}],"curies":[{"name":"wp","href":"https:\/\/api.w.org\/{rel}","templated":true}]}}