{"id":239,"date":"2023-11-09T09:00:29","date_gmt":"2023-11-09T09:00:29","guid":{"rendered":"https:\/\/arkeo.bilkent.edu.tr\/?page_id=239"},"modified":"2025-04-21T06:17:29","modified_gmt":"2025-04-21T06:17:29","slug":"emeritus-faculty","status":"publish","type":"page","link":"https:\/\/arkeo.bilkent.edu.tr\/?page_id=239","title":{"rendered":"Former Faculty Members"},"content":{"rendered":"\n<div style=\"height:100px\" aria-hidden=\"true\" class=\"wp-block-spacer\"><\/div>\n\n\n\n<div class=\"wp-block-columns is-layout-flex wp-container-core-columns-is-layout-9d6595d7 wp-block-columns-is-layout-flex\">\n<div class=\"wp-block-column is-layout-flow wp-block-column-is-layout-flow\" style=\"flex-basis:33.33%\">\n<div class=\"wp-block-uagb-image uagb-block-03d11fed wp-block-uagb-image--layout-default wp-block-uagb-image--effect-static wp-block-uagb-image--align-none\"><figure class=\"wp-block-uagb-image__figure\"><img decoding=\"async\" srcset=\"https:\/\/arkeo.bilkent.edu.tr\/wp-content\/uploads\/2023\/11\/Julian.jpg ,https:\/\/arkeo.bilkent.edu.tr\/wp-content\/uploads\/2023\/11\/Julian.jpg 780w, https:\/\/arkeo.bilkent.edu.tr\/wp-content\/uploads\/2023\/11\/Julian.jpg 360w\" sizes=\"auto, (max-width: 480px) 150px\" src=\"https:\/\/arkeo.bilkent.edu.tr\/wp-content\/uploads\/2023\/11\/Julian.jpg\" alt=\"\" class=\"uag-image-328\" width=\"200\" height=\"300\" title=\"Julian\" loading=\"lazy\" role=\"img\"\/><\/figure><\/div>\n<\/div>\n\n\n\n<div class=\"wp-block-column is-layout-flow wp-block-column-is-layout-flow\" style=\"flex-basis:66.66%\">\n<h3 class=\"wp-block-heading\">Julian Bennett<\/h3>\n\n\n\n<p><strong>9 June 1949 \u2013 29 January 2025<\/strong><\/p>\n\n\n\n<p>Julian Bennett taught in the department between 1995 and 2025. He devoted his career to the study of Roman provincial and military archaeology, as well as the archaeology and architecture of Late Roman and Byzantine Anatolia.<\/p>\n<\/div>\n<\/div>\n\n\n\n<div class=\"wp-block-columns is-layout-flex wp-container-core-columns-is-layout-9d6595d7 wp-block-columns-is-layout-flex\">\n<div class=\"wp-block-column is-layout-flow wp-block-column-is-layout-flow\" style=\"flex-basis:33.33%\">\n<div class=\"wp-block-uagb-image uagb-block-5c1ec69f wp-block-uagb-image--layout-default wp-block-uagb-image--effect-static wp-block-uagb-image--align-none\"><figure class=\"wp-block-uagb-image__figure\"><img decoding=\"async\" srcset=\"https:\/\/arkeo.bilkent.edu.tr\/wp-content\/uploads\/2023\/12\/cgates.jpg ,https:\/\/arkeo.bilkent.edu.tr\/wp-content\/uploads\/2023\/12\/cgates.jpg 780w, https:\/\/arkeo.bilkent.edu.tr\/wp-content\/uploads\/2023\/12\/cgates.jpg 360w\" sizes=\"auto, (max-width: 480px) 150px\" src=\"https:\/\/arkeo.bilkent.edu.tr\/wp-content\/uploads\/2023\/12\/cgates.jpg\" alt=\"\" class=\"uag-image-626\" width=\"200\" height=\"300\" title=\"\" loading=\"lazy\" role=\"img\"\/><\/figure><\/div>\n<\/div>\n\n\n\n<div class=\"wp-block-column is-layout-flow wp-block-column-is-layout-flow\" style=\"flex-basis:66.66%\">\n<h3 class=\"wp-block-heading\">Charles Gates<span style=\"color: maroon;\"><\/span><\/h3>\n\n\n\n<p>Charles Gates, a Classical archaeologist, taught in the Department from 1990-2022. In addition, he took part in the excavations at Kinet H\u00f6y\u00fck.<\/p>\n<\/div>\n<\/div>\n\n\n\n<div class=\"wp-block-columns is-layout-flex wp-container-core-columns-is-layout-9d6595d7 wp-block-columns-is-layout-flex\">\n<div class=\"wp-block-column is-layout-flow wp-block-column-is-layout-flow\" style=\"flex-basis:33.33%\">\n<div class=\"wp-block-uagb-image uagb-block-20371619 wp-block-uagb-image--layout-default wp-block-uagb-image--effect-static wp-block-uagb-image--align-none\"><figure class=\"wp-block-uagb-image__figure\"><img decoding=\"async\" srcset=\"https:\/\/arkeo.bilkent.edu.tr\/wp-content\/uploads\/2023\/12\/mhgates.jpg ,https:\/\/arkeo.bilkent.edu.tr\/wp-content\/uploads\/2023\/12\/mhgates.jpg 780w, https:\/\/arkeo.bilkent.edu.tr\/wp-content\/uploads\/2023\/12\/mhgates.jpg 360w\" sizes=\"auto, (max-width: 480px) 150px\" src=\"https:\/\/arkeo.bilkent.edu.tr\/wp-content\/uploads\/2023\/12\/mhgates.jpg\" alt=\"\" class=\"uag-image-627\" width=\"200\" height=\"300\" title=\"\" loading=\"lazy\" role=\"img\"\/><\/figure><\/div>\n<\/div>\n\n\n\n<div class=\"wp-block-column is-layout-flow wp-block-column-is-layout-flow\" style=\"flex-basis:66.66%\">\n<h3 class=\"wp-block-heading\">Marie-Henriette Gates<span style=\"color: maroon;\"><\/span><\/h3>\n\n\n\n<p>Marie-Henriette Gates, a member of the Department from 1990-2022, focused on Ancient Near Eastern archaeology. She directed excavations at the ancient harbor town of Kinet H\u00f6y\u00fck, near D\u00f6rtyol (Hatay), from 1992-2012.<\/p>\n<\/div>\n<\/div>\n\n\n\n<div class=\"wp-block-columns is-layout-flex wp-container-core-columns-is-layout-9d6595d7 wp-block-columns-is-layout-flex\">\n<div class=\"wp-block-column is-layout-flow wp-block-column-is-layout-flow\" style=\"flex-basis:33.33%\">\n<div class=\"wp-block-uagb-image uagb-block-b7f62c63 wp-block-uagb-image--layout-default wp-block-uagb-image--effect-static wp-block-uagb-image--align-none\"><figure class=\"wp-block-uagb-image__figure\"><img decoding=\"async\" srcset=\"https:\/\/arkeo.bilkent.edu.tr\/wp-content\/uploads\/2023\/12\/jacques.jpg ,https:\/\/arkeo.bilkent.edu.tr\/wp-content\/uploads\/2023\/12\/jacques.jpg 780w, https:\/\/arkeo.bilkent.edu.tr\/wp-content\/uploads\/2023\/12\/jacques.jpg 360w\" sizes=\"auto, (max-width: 480px) 150px\" src=\"https:\/\/arkeo.bilkent.edu.tr\/wp-content\/uploads\/2023\/12\/jacques.jpg\" alt=\"\" class=\"uag-image-628\" width=\"200\" height=\"300\" title=\"\" loading=\"lazy\" role=\"img\"\/><\/figure><\/div>\n<\/div>\n\n\n\n<div class=\"wp-block-column is-layout-flow wp-block-column-is-layout-flow\" style=\"flex-basis:66.66%\">\n<h3 class=\"wp-block-heading\">Jacques Morin<\/h3>\n\n\n\n<p>Jacques Morin taught at Bilkent from 1995-2021. A specialist in Greek archaeology, he also offered courses in human evolution, archaeological theory, and ancient Greek.<\/p>\n<\/div>\n<\/div>\n\n\n\n<div class=\"wp-block-columns is-layout-flex wp-container-core-columns-is-layout-9d6595d7 wp-block-columns-is-layout-flex\">\n<div class=\"wp-block-column is-layout-flow wp-block-column-is-layout-flow\" style=\"flex-basis:33.33%\">\n<div class=\"wp-block-uagb-image uagb-block-73411dd0 wp-block-uagb-image--layout-default wp-block-uagb-image--effect-static wp-block-uagb-image--align-none\"><figure class=\"wp-block-uagb-image__figure\"><img decoding=\"async\" srcset=\"https:\/\/arkeo.bilkent.edu.tr\/wp-content\/uploads\/2023\/12\/ilknur.jpg ,https:\/\/arkeo.bilkent.edu.tr\/wp-content\/uploads\/2023\/12\/ilknur.jpg 780w, https:\/\/arkeo.bilkent.edu.tr\/wp-content\/uploads\/2023\/12\/ilknur.jpg 360w\" sizes=\"auto, (max-width: 480px) 150px\" src=\"https:\/\/arkeo.bilkent.edu.tr\/wp-content\/uploads\/2023\/12\/ilknur.jpg\" alt=\"\" class=\"uag-image-629\" width=\"200\" height=\"124\" title=\"\" loading=\"lazy\" role=\"img\"\/><\/figure><\/div>\n<\/div>\n\n\n\n<div class=\"wp-block-column is-layout-flow wp-block-column-is-layout-flow\" style=\"flex-basis:66.66%\">\n<h3 class=\"wp-block-heading\">\u0130lknur \u00d6zgen<\/h3>\n\n\n\n<p>The founder of the Department of Archaeology, \u0130lknur \u00d6zgen is a specialist in Anatolian and Greek archaeology. From 1993-2014 she directed excavations at Hac\u0131musalar, near Elmal\u0131, Antalya.<\/p>\n<\/div>\n<\/div>\n\n\n\n<div style=\"height:100px\" aria-hidden=\"true\" class=\"wp-block-spacer\"><\/div>\n","protected":false},"excerpt":{"rendered":"<p>Julian Bennett 9 June 1949 \u2013 29 January 2025 Julian Bennett taught in the department between 1995 and 2025. He devoted his career to the study of Roman provincial and military archaeology, as well as the archaeology and architecture of Late Roman and Byzantine Anatolia. Charles Gates Charles Gates, a Classical archaeologist, taught in the &hellip; <a href=\"https:\/\/arkeo.bilkent.edu.tr\/?page_id=239\" class=\"more-link\">Continue reading <span class=\"screen-reader-text\">Former Faculty Members<\/span><\/a><\/p>\n","protected":false},"author":1,"featured_media":0,"parent":13,"menu_order":0,"comment_status":"closed","ping_status":"closed","template":"templates\/full-width-page.php","meta":{"_uag_custom_page_level_css":"","footnotes":""},"tags":[],"class_list":["post-239","page","type-page","status-publish","hentry","no-featured-image"],"jetpack_sharing_enabled":true,"uagb_featured_image_src":{"full":false,"thumbnail":false,"medium":false,"medium_large":false,"large":false,"1536x1536":false,"2048x2048":false,"ixion-featured-content":false,"ixion-featured-image":false,"ixion-avatar":false},"uagb_author_info":{"display_name":"arkeoadm","author_link":"https:\/\/arkeo.bilkent.edu.tr\/?author=1"},"uagb_comment_info":0,"uagb_excerpt":"Julian Bennett 9 June 1949 \u2013 29 January 2025 Julian Bennett taught in the department between 1995 and 2025. He devoted his career to the study of Roman provincial and military archaeology, as well as the archaeology and architecture of Late Roman and Byzantine Anatolia. Charles Gates Charles Gates, a Classical archaeologist, taught in the&hellip;","_links":{"self":[{"href":"https:\/\/arkeo.bilkent.edu.tr\/index.php?rest_route=\/wp\/v2\/pages\/239","targetHints":{"allow":["GET"]}}],"collection":[{"href":"https:\/\/arkeo.bilkent.edu.tr\/index.php?rest_route=\/wp\/v2\/pages"}],"about":[{"href":"https:\/\/arkeo.bilkent.edu.tr\/index.php?rest_route=\/wp\/v2\/types\/page"}],"author":[{"embeddable":true,"href":"https:\/\/arkeo.bilkent.edu.tr\/index.php?rest_route=\/wp\/v2\/users\/1"}],"replies":[{"embeddable":true,"href":"https:\/\/arkeo.bilkent.edu.tr\/index.php?rest_route=%2Fwp%2Fv2%2Fcomments&post=239"}],"version-history":[{"count":8,"href":"https:\/\/arkeo.bilkent.edu.tr\/index.php?rest_route=\/wp\/v2\/pages\/239\/revisions"}],"predecessor-version":[{"id":1260,"href":"https:\/\/arkeo.bilkent.edu.tr\/index.php?rest_route=\/wp\/v2\/pages\/239\/revisions\/1260"}],"up":[{"embeddable":true,"href":"https:\/\/arkeo.bilkent.edu.tr\/index.php?rest_route=\/wp\/v2\/pages\/13"}],"wp:attachment":[{"href":"https:\/\/arkeo.bilkent.edu.tr\/index.php?rest_route=%2Fwp%2Fv2%2Fmedia&parent=239"}],"wp:term":[{"taxonomy":"post_tag","embeddable":true,"href":"https:\/\/arkeo.bilkent.edu.tr\/index.php?rest_route=%2Fwp%2Fv2%2Ftags&post=239"}],"curies":[{"name":"wp","href":"https:\/\/api.w.org\/{rel}","templated":true}]}}