{"id":238,"date":"2023-11-09T09:00:29","date_gmt":"2023-11-09T09:00:29","guid":{"rendered":"https:\/\/arkeo.bilkent.edu.tr\/?page_id=238"},"modified":"2025-06-10T08:08:37","modified_gmt":"2025-06-10T08:08:37","slug":"associated-faculty","status":"publish","type":"page","link":"https:\/\/arkeo.bilkent.edu.tr\/?page_id=238","title":{"rendered":"Associated Faculty"},"content":{"rendered":"\n<p><\/p>\n\n\n\n<div class=\"wp-block-columns is-layout-flex wp-container-core-columns-is-layout-9d6595d7 wp-block-columns-is-layout-flex\">\n<div class=\"wp-block-column is-layout-flow wp-block-column-is-layout-flow\" style=\"flex-basis:66.66%\">\n<h3 class=\"wp-block-heading has-text-align-center\"><a href=\"https:\/\/arkeo.bilkent.edu.tr\/?page_id=303\">Dominique Kassab Tezg\u00f6r<\/a><\/h3>\n\n\n\n<p class=\"has-text-align-center\"><strong><strong>Professor<\/strong> <strong>emerita<\/strong><\/strong><\/p>\n\n\n\n<p class=\"has-text-align-center\"><strong>Areas of Interest:<\/strong>&nbsp;Greek &amp; Roman Archaeology<br><strong>Email<\/strong>: tezgor@bilkent.edu.tr<br><\/p>\n<\/div>\n\n\n\n<div class=\"wp-block-column is-layout-flow wp-block-column-is-layout-flow\" style=\"flex-basis:33.33%\">\n<figure class=\"wp-block-image size-full is-resized\"><img loading=\"lazy\" decoding=\"async\" width=\"200\" height=\"300\" src=\"https:\/\/arkeo.bilkent.edu.tr\/wp-content\/uploads\/2023\/10\/image.png\" alt=\"\" class=\"wp-image-81\" style=\"aspect-ratio:0.6666666666666666;object-fit:cover;width:204px\"\/><\/figure>\n<\/div>\n<\/div>\n\n\n\n<div class=\"wp-block-columns is-layout-flex wp-container-core-columns-is-layout-9d6595d7 wp-block-columns-is-layout-flex\">\n<div class=\"wp-block-column is-layout-flow wp-block-column-is-layout-flow\" style=\"flex-basis:66.66%\">\n<h3 class=\"wp-block-heading has-text-align-center\"><a href=\"https:\/\/arkeo.bilkent.edu.tr\/?page_id=532\">M\u00fcge Durusu-Tanr\u0131\u00f6ver<\/a><\/h3>\n\n\n\n<p class=\"has-text-align-center\"><strong>Areas of Interest:<\/strong>&nbsp;Anatolian Archaeology<br><strong>Email<\/strong>: muge.durusu@bilkent.edu.tr<br><strong>Office<\/strong>: FA-309<\/p>\n<\/div>\n\n\n\n<div class=\"wp-block-column is-layout-flow wp-block-column-is-layout-flow\" style=\"flex-basis:33.33%\">\n<figure class=\"wp-block-image size-full is-resized\"><img loading=\"lazy\" decoding=\"async\" width=\"200\" height=\"300\" src=\"https:\/\/arkeo.bilkent.edu.tr\/wp-content\/uploads\/2023\/12\/muge.jpg\" alt=\"\" class=\"wp-image-530\" style=\"aspect-ratio:0.6666666666666666;object-fit:cover;width:204px\"\/><\/figure>\n<\/div>\n<\/div>\n\n\n\n<div class=\"wp-block-columns is-layout-flex wp-container-core-columns-is-layout-9d6595d7 wp-block-columns-is-layout-flex\">\n<div class=\"wp-block-column is-layout-flow wp-block-column-is-layout-flow\" style=\"flex-basis:100%\">\n<div class=\"wp-block-uagb-container uagb-block-6b0b4800 alignwide uagb-is-root-container\"><\/div>\n<\/div>\n<\/div>\n","protected":false},"excerpt":{"rendered":"<p>Dominique Kassab Tezg\u00f6r Professor emerita Areas of Interest:&nbsp;Greek &amp; Roman ArchaeologyEmail: tezgor@bilkent.edu.tr M\u00fcge Durusu-Tanr\u0131\u00f6ver Areas of Interest:&nbsp;Anatolian ArchaeologyEmail: muge.durusu@bilkent.edu.trOffice: FA-309<\/p>\n","protected":false},"author":1,"featured_media":0,"parent":13,"menu_order":0,"comment_status":"closed","ping_status":"closed","template":"templates\/full-width-page.php","meta":{"_uag_custom_page_level_css":"","footnotes":""},"tags":[],"class_list":["post-238","page","type-page","status-publish","hentry","no-featured-image"],"jetpack_sharing_enabled":true,"uagb_featured_image_src":{"full":false,"thumbnail":false,"medium":false,"medium_large":false,"large":false,"1536x1536":false,"2048x2048":false,"ixion-featured-content":false,"ixion-featured-image":false,"ixion-avatar":false},"uagb_author_info":{"display_name":"arkeoadm","author_link":"https:\/\/arkeo.bilkent.edu.tr\/?author=1"},"uagb_comment_info":0,"uagb_excerpt":"Dominique Kassab Tezg\u00f6r Professor emerita Areas of Interest:&nbsp;Greek &amp; Roman ArchaeologyEmail: tezgor@bilkent.edu.tr M\u00fcge Durusu-Tanr\u0131\u00f6ver Areas of Interest:&nbsp;Anatolian ArchaeologyEmail: muge.durusu@bilkent.edu.trOffice: FA-309","_links":{"self":[{"href":"https:\/\/arkeo.bilkent.edu.tr\/index.php?rest_route=\/wp\/v2\/pages\/238","targetHints":{"allow":["GET"]}}],"collection":[{"href":"https:\/\/arkeo.bilkent.edu.tr\/index.php?rest_route=\/wp\/v2\/pages"}],"about":[{"href":"https:\/\/arkeo.bilkent.edu.tr\/index.php?rest_route=\/wp\/v2\/types\/page"}],"author":[{"embeddable":true,"href":"https:\/\/arkeo.bilkent.edu.tr\/index.php?rest_route=\/wp\/v2\/users\/1"}],"replies":[{"embeddable":true,"href":"https:\/\/arkeo.bilkent.edu.tr\/index.php?rest_route=%2Fwp%2Fv2%2Fcomments&post=238"}],"version-history":[{"count":21,"href":"https:\/\/arkeo.bilkent.edu.tr\/index.php?rest_route=\/wp\/v2\/pages\/238\/revisions"}],"predecessor-version":[{"id":1297,"href":"https:\/\/arkeo.bilkent.edu.tr\/index.php?rest_route=\/wp\/v2\/pages\/238\/revisions\/1297"}],"up":[{"embeddable":true,"href":"https:\/\/arkeo.bilkent.edu.tr\/index.php?rest_route=\/wp\/v2\/pages\/13"}],"wp:attachment":[{"href":"https:\/\/arkeo.bilkent.edu.tr\/index.php?rest_route=%2Fwp%2Fv2%2Fmedia&parent=238"}],"wp:term":[{"taxonomy":"post_tag","embeddable":true,"href":"https:\/\/arkeo.bilkent.edu.tr\/index.php?rest_route=%2Fwp%2Fv2%2Ftags&post=238"}],"curies":[{"name":"wp","href":"https:\/\/api.w.org\/{rel}","templated":true}]}}