{"id":154,"date":"2023-11-08T09:44:27","date_gmt":"2023-11-08T09:44:27","guid":{"rendered":"https:\/\/arkeo.bilkent.edu.tr\/?page_id=154"},"modified":"2026-01-29T14:38:50","modified_gmt":"2026-01-29T11:38:50","slug":"theses","status":"publish","type":"page","link":"https:\/\/arkeo.bilkent.edu.tr\/?page_id=154","title":{"rendered":"Theses"},"content":{"rendered":"\n<h1 class=\"wp-block-heading\">Master of Arts Theses Completed<\/h1>\n\n\n\n<h3 class=\"wp-block-heading\">2026<\/h3>\n\n\n\n<p>Emir \u015eekercio\u011flu, <em>The Impact of Dionysos from Paganism to Christianity (4th-7th C. CE): A Confrontation of Written Sources with Material Culture<\/em> (Supervisor: Peter Talloen)<\/p>\n\n\n\n<h3 class=\"wp-block-heading\">2025<\/h3>\n\n\n\n<p>\u0130pek Kir\u00f6mero\u011flu, <em>The Evolution and Role of Anti-Splash Rim Bowls in the Late Bronze Age Ceramic Production<\/em> (Supervisor: Michele Massa)<\/p>\n\n\n\n<p>Esma Demiry\u00fcrek, <em>A Critical Public Archaeology Approach to Sagalassos and A\u011flasun<\/em> (Supervisor: Peter Talloen; Second Supervisor: I\u015f\u0131lay Gursu Massa)<\/p>\n\n\n\n<h3 class=\"wp-block-heading\">2024<\/h3>\n\n\n\n<p>Sena G\u00f6ksu Kolayl\u0131, <em>From Paganism to Piety: Tracing the Christianization Process in the Southern Black Sea<\/em> (Supervisor: Luca Zavagno)<\/p>\n\n\n\n<h3 class=\"wp-block-heading\">2023<\/h3>\n\n\n\n<p>\u00d6zkan Atm\u0131\u015f, <em>Repatriation both Ways: A Theoretical Approach to the Repatriation Policies of Turkey through Case Studies<\/em>&nbsp;(Supervisor: Dominique Kassab Tezg\u00f6r) <\/p>\n\n\n\n<p>Recep Can Mert, <em>Sacred Spaces in Ancient Greece and Anatolia: Architectural Insights and Sensory Journeys of Eleusis and Klaros<\/em> (Supervisor: Julian Bennett; Second Supervisor: Peter Talloen)<\/p>\n\n\n\n<p>Yi\u011fit Pekzeren, <em>No Rose Without Thorns: Assessing 3D Scanning Methods in Archaeology through Case Studies from \u1e2aattu\u0161a<\/em> (Supervisor: Michele Massa)<\/p>\n\n\n\n<p>M. Ali Akman, <em>Quantitative Approaches to Hittite Historical Geography: A Network Analysis of Hittite Toponyms<\/em> (Supervisors: N.\u0130lgi Ger\u00e7ek, Michele Massa) *Winner of the <strong>Kalbiye Tansel ve \u00c7i\u011fdem Bar\u00e7an Tansel Thesis Award<\/strong>**<\/p>\n\n\n\n<h3 class=\"wp-block-heading\">2022<\/h3>\n\n\n\n<p>Ece Alper, <em>The Ptolemaic Presence outside Egypt: Material Evidence<\/em> (Supervisor: Charles Gates)<\/p>\n\n\n\n<p>Sena Bask\u0131n, <em>LBA I Ceramics from Kinet H\u00f6y\u00fck Period 15. A Statistical Assessment of the Cross-Regional Standardization of Hittite Ceramics in Late Bronze Age Anatolia<\/em> (Supervisor: Marie-Henriette Gates)<\/p>\n\n\n\n<h3 class=\"wp-block-heading\">2021<\/h3>\n\n\n\n<p>Ege Da\u011fba\u015f\u0131, <em>Foreigners and Foreignness in Hittite Anatolia<\/em> (Supervisor: N. \u0130lgi Ger\u00e7ek)<\/p>\n\n\n\n<p>Seren Mende\u015f, <em>Managing Intangible Cultural Heritage in Turkey: Four Cases Originating in Antiquity<\/em> (Supervisor: Dominique Kassab Tezg\u00f6r)<\/p>\n\n\n\n<p>Beril \u00d6zba\u015f, <em>The Socio-political Structure of Western Anatolia during the (L)BA<\/em> (Supervisor: N. \u0130lgi Ger\u00e7ek)<\/p>\n\n\n\n<p>Dilara U\u00e7ar Sar\u0131y\u0131ld\u0131z, <em>Changing Perceptions of Sculptural Polychromy in Europe: From Ancient Greece to the 21st Century<\/em> (Supervisor: Dominique Kassab Tezg\u00f6r)<\/p>\n\n\n\n<h3 class=\"wp-block-heading\">2020<\/h3>\n\n\n\n<p>Defne Dedeo\u011flu, <em>Green Museums: An Introduction and a Possible Implementation in Ankara<\/em> (Supervisor: Dominique Kassab Tezg\u00f6r)<\/p>\n\n\n\n<p>Yaprak K\u0131smet Okur, <em>Phoenicians in Cilicia during the Middle Iron Age: The Scope of their Presence<\/em> (Supervisor: Marie-Henriette Gates)<\/p>\n\n\n\n<h3 class=\"wp-block-heading\">2019<\/h3>\n\n\n\n<p>Joseph Salvatore Aversano, <em>The Mother of Gods from Right Here: The Goddess Meter in her Central Anatolian Contexts<\/em> (Supervisor: Charles Gates) <strong>**2018-19 Kalbiye Tansel ve \u00c7i\u011fdem Bar\u00e7an Tansel Thesis Award**<\/strong><\/p>\n\n\n\n<p>Mustafa Umut Dulun, <em>Persian Period Tombs in Western Anatolia as Reflections of Social and Political Change<\/em> (Supervisor: Charles Gates)<\/p>\n\n\n\n<p>Bahattin \u0130pek, <em>Figural Motifs on Halaf Pottery: An Iconographical Study of Late Neolithic Society in Northern Mesopotamia<\/em> (Supervisor: Marie-Henriette Gates)<\/p>\n\n\n\n<p>Tu\u011f\u00e7e K\u00f6seo\u011flu, <em>A Phytolith Study from Kinet H\u00f6y\u00fck, Hatay<\/em> (Supervisor: Marie-Henriette Gates)<\/p>\n\n\n\n<p>Roslyn Sorensen, <em>Rural Administration in Hittite Anatolia<\/em> (Supervisor: N. \u0130lgi Ger\u00e7ek)<\/p>\n\n\n\n<h2 class=\"wp-block-heading\">2018<\/h2>\n\n\n\n<p>Zeynep Akkuzu, <em>The Late Iron Age Pottery from Kaman-Kaleh\u00f6y\u00fck<\/em> (Supervisor: Dominique Kassab Tezg\u00f6r)<\/p>\n\n\n\n<p>Elif Nurcan Akta\u015f, <em>Palaeolithic Research in Anatolia: History, Problems and Perspectives<\/em> (Supervisor: Thomas Zimmermann)<\/p>\n\n\n\n<p>\u015eakir Can, <em>Continuity and Change: An Annales Approach to the Late Chalcolithic Period in North Mesopotamia<\/em> (Supervisor: Marie-Henriette Gates)<\/p>\n\n\n\n<p>Emre Dalk\u0131l\u0131\u00e7, <em>Middle Bronze Age Cyprus Inter-site Relationships: A Social Network Analysis Approach<\/em> (Supervisor: Marie-Henriette Gates)<\/p>\n\n\n\n<p>\u00c7a\u011fda\u015f \u00d6zdo\u011fan, <em>The Initial State for Early Bronze Age Cyprus: Metallurgy of the Philia Culture from a Maritime Cross-cultural Perspective<\/em> (Supervisor: Marie-Henriette Gates)<\/p>\n\n\n\n<p>Rida Arif Siddiqui, <em>Community Archaeology in Pakistan: Three Sites in Gandhara as a Case Study<\/em> (Supervisor: Dominique Kassab Tezg\u00f6r)<\/p>\n\n\n\n<h2 class=\"wp-block-heading\">2017<\/h2>\n\n\n\n<p>Andrew K. Beard, <em>A Group of Seven Column Capitals from Roman Ancyra: A Unique Composite Style<\/em> (Supervisor: Julian Bennett)<\/p>\n\n\n\n<p>Nurcan K\u00fc\u00e7\u00fckarslan, <em>Middle Iron Age Pottery from Yass\u0131h\u00f6y\u00fck (K\u0131r\u015fehir): A Central Anatolian Assemblage<\/em> (Supervisor: Marie-Henriette Gates)<\/p>\n\n\n\n<h2 class=\"wp-block-heading\">2016<\/h2>\n\n\n\n<p>Hande K\u00f6p\u00fcrl\u00fco\u011flu, <em>Hittite Rock Reliefs in Southeastern Anatolia as a Religious Manifestation of the Late Bronze and Iron Ages<\/em> (Supervisor: Marie-Henriette Gates)<\/p>\n\n\n\n<p>Katarzyna Kuncewicz, <em>Figural Anatolian Stamp Seals from Three Assyrian Colony Period Sites: Karah\u00f6y\u00fck-Konya, Acemh\u00f6y\u00fck and K\u00fcltepe<\/em> (Supervisor: Marie-Henriette Gates)<\/p>\n\n\n\n<p>Selim Y\u0131ld\u0131z, <em>Hellenistic Settlement in Smooth Cilicia (Cilicia Pedias)<\/em> (Supervisor: Charles Gates)<\/p>\n\n\n\n<h2 class=\"wp-block-heading\">2015<\/h2>\n\n\n\n<p>Humberto DeLuigi, <em>A Winter in the Land of Rum: Komnenian Defenses Against the Turks in Western Anatolia<\/em> (Supervisor: Charles Gates)<\/p>\n\n\n\n<p>Thomas Moore, <em>Old Hittite Polychrome Relief Vases and the Assertion of Kingship in 16th century BCE Anatolia<\/em> (Supervisor: Marie-Henriette Gates)<\/p>\n\n\n\n<h2 class=\"wp-block-heading\">2014<\/h2>\n\n\n\n<p>Leyla Yorulmaz, <em>A Forgotten Borderland: The Upper Tigris between Septimius Severus and Anastasius I<\/em> (Supervisor: Julian Bennett)<\/p>\n\n\n\n<h2 class=\"wp-block-heading\">2013<\/h2>\n\n\n\n<p>Sevilay Hac\u0131bekiro\u011fullar\u0131 Oru\u00e7, <em>Harbor Settlement Patterns of the Second Millennium BC in Cilicia and the Amuq<\/em> (Supervisor: Marie-Henriette Gates)<\/p>\n\n\n\n<p>Heves S\u00f6keli, <em>Ceramic Workshops in Hellenistic and Roman Anatolia: Production Characteristics and Regional Comparisons<\/em> (Supervisors: Jacques Morin &amp; Dominique Kassab Tezg\u00f6r)<\/p>\n\n\n\n<h2 class=\"wp-block-heading\">2012<\/h2>\n\n\n\n<p>Burak Arcan, <em>Early Bronze Age Daggers in Central Anatolia<\/em> (Supervisor: Thomas Zimmermann)<\/p>\n\n\n\n<p>Deniz A. Enverova, <em>The Transition from Bronze Age to Iron Age in the Aegean: a Heterarchical Approach<\/em> (Supervisor: Jacques Morin)<\/p>\n\n\n\n<p>Ay\u015fen Girit, <em>Male Nudity in Ancient Mesopotamian Art<\/em> (Supervisor: Marie-Henriette Gates)<\/p>\n\n\n\n<h2 class=\"wp-block-heading\">2010<\/h2>\n\n\n\n<p>Fevzi Volkan G\u00fcng\u00f6rd\u00fc, <em>Obsidian, Trade and Society in the Central Anatolian Neolithic<\/em> (Supervisor: Thomas Zimmermann)<\/p>\n\n\n\n<p>M\u00fcge Durusu Tanr\u0131\u00f6ver, <em>The Transition from the Late Bronze Age to the Early Iron Age in the Upper Euphrates and the Amuq: A Study of Settlement Patterns<\/em> (Supervisor: \u0130lknur \u00d6zgen)<\/p>\n\n\n\n<p>Polat Ulusoy, <em>Burial Customs of Clazomenae in the Iron Age (1100-500 BC)<\/em> (Supervisor: Charles Gates)<\/p>\n\n\n\n<h2 class=\"wp-block-heading\">2009<\/h2>\n\n\n\n<p>Mehmet Kutlu, <em>Seljuk Caravanserais in the Vicinity of Denizli: Han-abad (\u00c7ardakhan) and Akhan<\/em> (Supervisor: Charles Gates)<\/p>\n\n\n\n<h2 class=\"wp-block-heading\">2008<\/h2>\n\n\n\n<p>Mert \u00c7atalba\u015f, <em>Evaluating the Oylum H\u00f6y\u00fck MBA Painted Ware within the Framework of the Syro-Cilician, Levantine, and Khabur Painted Ceramic Cultures<\/em> (Supervisor: Marie-Henriette Gates)<\/p>\n\n\n\n<p>Filiz T\u00fct\u00fcnc\u00fc, <em>The Land of Beautiful Horses: Stables in Middle Byzantine Settlements of Cappadocia<\/em> (Supervisor: Charles Gates)<\/p>\n\n\n\n<h2 class=\"wp-block-heading\">2007<\/h2>\n\n\n\n<p>Banu Ahibay, <em>Theoretical Approaches in Turkish Archaeology<\/em> (Supervisor: Marie-Henriette Gates)<\/p>\n\n\n\n<p>Erica Hughes, <em>Absolute and Relative Dating of Hallan \u00c7emi Tepesi<\/em> (Supervisor: Marie-Henriette Gates)<\/p>\n\n\n\n<p>P\u0131nar Ku\u015fseven, <em>The Cult of Iupiter Dolichenus: Origins and Iconography<\/em> (Supervisor: Julian Bennett)<\/p>\n\n\n\n<p>Amir H. Soudipour, <em>An Architectural and Conceptual Analysis of Mesopotamian Temples from the Ubaid to the Old Babylonian Period<\/em> (Supervisor: Marie-Henriette Gates)<\/p>\n\n\n\n<p>Evren T\u00fcrkmeno\u011flu, <em>Late Byzantine Ships and Shipping<\/em> (Supervisor: Charles Gates)<\/p>\n\n\n\n<p>Ay\u015feg\u00fcl Vural, <em>Geophysical Exploration of Kinet H\u00f6y\u00fck: A Comparison of the Magnetic Survey with the Excavation Results<\/em> (Supervisor: Jacques Morin)<\/p>\n\n\n\n<h2 class=\"wp-block-heading\">2006<\/h2>\n\n\n\n<p>Asl\u0131 Canda\u015f, <em>The Kakasbos\/Herakles Cult: A Study of its Origins, Diffusion and Possible Syncretisms<\/em> (Supervisor: Jacques Morin)<\/p>\n\n\n\n<p>Esra \u00c7ay\u0131r, <em>The Study of the Concept of the Sacred Hearth and Greek Goddess of the Hearth and their Association with the Prytaneion, its Origins, and its Development<\/em> (Supervisor: Jacques Morin)<\/p>\n\n\n\n<p>Bozena Radovan Kabatiarova, <em>Ugaritic Seal Metamorphoses as a Reflection of the Hittite Administration and the Egyptian Influence in the Late Bronze Age in Western Syria<\/em> (Supervisor: Marie-Henriette Gates)<\/p>\n\n\n\n<h2 class=\"wp-block-heading\">2004<\/h2>\n\n\n\n<p>Ezgi Akp\u0131nar, <em>Hellenistic and Roman Settlement Patterns in the Plain of Issus and the Amanus Range<\/em> (Supervisor: Jacques Morin)<\/p>\n\n\n\n<p>Damjan Donev, <em>St. Erasmus (Lychnid) and St. Thecla (Seleucia): A Study of Two Early Christian Cultic Centers<\/em> (Supervisor: Julian Bennett)<\/p>\n\n\n\n<p>Kadriye G\u00fcnayd\u0131n, <em>Karkamis in the First Millennium B.C.: Sculpture and Propaganda<\/em> (Supervisor: \u0130lknur \u00d6zgen)<\/p>\n\n\n\n<p>Genevieve Holdridge, <em>Origins of Pottery Technology in the Ancient Near East<\/em> (Supervisor: Marie-Henriette Gates)<\/p>\n\n\n\n<h2 class=\"wp-block-heading\">2003<\/h2>\n\n\n\n<p>\u0130lke Aykanat \u00c7am, <em>Life at the Top: A Survey of Stylite Saints<\/em> (Supervisors: Jean Greenhalgh and Julian Bennett)<\/p>\n\n\n\n<p>Esen \u00d6\u011f\u00fc\u015f, <em>The Antakya Sarcophagus: Design Elements and the Chronology of the Docimeum Columnar Sarcophagi<\/em> (Supervisor: Julian Bennett)<\/p>\n\n\n\n<p>Din\u00e7 Sara\u00e7, <em>History of Archaeological and Cultural Heritage Management in Turkey and Europe: A Look from the Past to the Present<\/em> (Supervisor: Julian Bennett)<\/p>\n\n\n\n<p>Funda Ba\u015fak U\u00e7ar, <em>Greek Influence in the Anthropomorphic Representation of Deities in Hellenized Asia: Parthia, Nemrut Da\u011f\u0131, and Gandhara<\/em> (Supervisor: Charles Gates)<\/p>\n\n\n\n<h2 class=\"wp-block-heading\">2002<\/h2>\n\n\n\n<p>Sevil \u00c7onka, <em>Aspects of the Ancient Economy in West-Central Turkey in the First Millenium BC<\/em> (Supervisor: Jacques Morin)<\/p>\n\n\n\n<p>\u00c7i\u011fdem Toskay Evrin, <em>Tarsus Republic Square: the Late Roman Cooking Wares<\/em> (Supervisor: Marie-Henriette Gates)<\/p>\n\n\n\n<p>Alev Tanyar, <em>The Jews and Christians of Imperial Asia Minor, the Literary and Material Evidence<\/em> (Supervisor: Julian Bennett)<\/p>\n\n\n\n<h2 class=\"wp-block-heading\">2001<\/h2>\n\n\n\n<p>Suna \u00c7a\u011faptay Ar\u0131kan, <em>The Church at Choma (Hac\u0131musalar, Elmal\u0131-Antalya) and Its Materials<\/em> (Supervisor: Jean \u00d6zt\u00fcrk)<\/p>\n\n\n\n<p>Spencer H. Garrett, <em>Wine Production in Classical Asia Minor<\/em> (Supervisor: Julian Bennett)<\/p>\n\n\n\n<p>Azer Keskin, <em>Relating Architecture to Social Complexity in the Early Bronze Age: Southeastern Anatolia<\/em> (Supervisor: Marie-Henriette Gates)<\/p>\n\n\n\n<h2 class=\"wp-block-heading\">2000<\/h2>\n\n\n\n<p>B\u00fclent Ar\u0131kan, <em>The Neolithic of Central and Northwestern Anatolia, Thrace and its Relations with Southeastern Europe<\/em> (Supervisor: Barbara Helwing)<\/p>\n\n\n\n<p>Jason R. De&#8217;Block, <em>The Archaeology and History of Selinus from its Origins to the Reign of Diocletian<\/em> (Supervisor: Julian Bennett)<\/p>\n\n\n\n<p>Shannon M. Haley, <em>Caveat Emptor: The Intellectual Consequences of Undocumented Excavation, with Special Reference to Roman Period Archaeological Material from Turkey<\/em> (Supervisor: Julian Bennett)<\/p>\n\n\n\n<h2 class=\"wp-block-heading\">1999<\/h2>\n\n\n\n<p>Yasemin \u0130lseven, <em>Elmal\u0131 Plain: A Review of its Environmental Setting and Archaeological Settlements<\/em> (Supervisor: \u0130lknur \u00d6zgen)<\/p>\n\n\n\n<p>Ekin Kozal, <em>The Cypro-Anatolian Connections in the Late Bronze Age<\/em> (Supervisor: Marie-Henriette Gates)<\/p>\n\n\n\n<p>Tu\u011fba Tanyeri, <em>The Nereid Monument Relief Sculptures in Review<\/em> (Supervisor: \u0130lknur \u00d6zgen)<\/p>\n\n\n\n<p>Sercan Yand\u0131m, <em>An Historical and Iconographical Study of a Group of Twenty Post Byzantine Icons in the Antalya Museum<\/em> (Supervisor: Charles Gates)<\/p>\n\n\n\n<h2 class=\"wp-block-heading\">1998<\/h2>\n\n\n\n<p>Susan D. Cooke, <em>The Monuments of Roman Ancyra Reviewed<\/em> (Supervisor: Julian Bennett)<\/p>\n\n\n\n<p>G\u00fcnder Varinlio\u011flu, <em>The Legacy of the Hippodrome at Constantinople<\/em> (Supervisor: Alessandra Ricci)<\/p>\n\n\n\n<h2 class=\"wp-block-heading\">1997<\/h2>\n\n\n\n<p>Ay\u015fe D. Atauz, <em>Asardibi (Casara), a Classical, Hellenistic and Early Roman Harbor in the Rhodian Peraea<\/em> (Supervisor: Marie-Henriette Gates)<\/p>\n\n\n\n<p>Harun Kaya, <em>The Byzantine Fortresses of Yo\u011funta\u015f,Ke\u00e7ikalesi and P\u0131narhisar in the K\u0131rklareli Region<\/em> (Supervisor: Alessandra Ricci)<\/p>\n\n\n\n<p>Filiz Songu, <em>Wave-Line Pottery from the Late Iron Age Levels of Kinet H\u00f6y\u00fck<\/em> (Supervisor: Marie-Henriette Gates)<\/p>\n\n\n\n<p><\/p>\n","protected":false},"excerpt":{"rendered":"<p>Master of Arts Theses Completed 2026 Emir \u015eekercio\u011flu, The Impact of Dionysos from Paganism to Christianity (4th-7th C. CE): A Confrontation of Written Sources with Material Culture (Supervisor: Peter Talloen) 2025 \u0130pek Kir\u00f6mero\u011flu, The Evolution and Role of Anti-Splash Rim Bowls in the Late Bronze Age Ceramic Production (Supervisor: Michele Massa) Esma Demiry\u00fcrek, A Critical &hellip; <a href=\"https:\/\/arkeo.bilkent.edu.tr\/?page_id=154\" class=\"more-link\">Continue reading <span class=\"screen-reader-text\">Theses<\/span><\/a><\/p>\n","protected":false},"author":1,"featured_media":0,"parent":39,"menu_order":0,"comment_status":"closed","ping_status":"closed","template":"templates\/full-width-page.php","meta":{"_uag_custom_page_level_css":"","footnotes":""},"tags":[],"class_list":["post-154","page","type-page","status-publish","hentry","no-featured-image"],"jetpack_sharing_enabled":true,"uagb_featured_image_src":{"full":false,"thumbnail":false,"medium":false,"medium_large":false,"large":false,"1536x1536":false,"2048x2048":false,"ixion-featured-content":false,"ixion-featured-image":false,"ixion-avatar":false},"uagb_author_info":{"display_name":"arkeoadm","author_link":"https:\/\/arkeo.bilkent.edu.tr\/?author=1"},"uagb_comment_info":0,"uagb_excerpt":"Master of Arts Theses Completed 2026 Emir \u015eekercio\u011flu, The Impact of Dionysos from Paganism to Christianity (4th-7th C. CE): A Confrontation of Written Sources with Material Culture (Supervisor: Peter Talloen) 2025 \u0130pek Kir\u00f6mero\u011flu, The Evolution and Role of Anti-Splash Rim Bowls in the Late Bronze Age Ceramic Production (Supervisor: Michele Massa) Esma Demiry\u00fcrek, A Critical&hellip;","_links":{"self":[{"href":"https:\/\/arkeo.bilkent.edu.tr\/index.php?rest_route=\/wp\/v2\/pages\/154","targetHints":{"allow":["GET"]}}],"collection":[{"href":"https:\/\/arkeo.bilkent.edu.tr\/index.php?rest_route=\/wp\/v2\/pages"}],"about":[{"href":"https:\/\/arkeo.bilkent.edu.tr\/index.php?rest_route=\/wp\/v2\/types\/page"}],"author":[{"embeddable":true,"href":"https:\/\/arkeo.bilkent.edu.tr\/index.php?rest_route=\/wp\/v2\/users\/1"}],"replies":[{"embeddable":true,"href":"https:\/\/arkeo.bilkent.edu.tr\/index.php?rest_route=%2Fwp%2Fv2%2Fcomments&post=154"}],"version-history":[{"count":14,"href":"https:\/\/arkeo.bilkent.edu.tr\/index.php?rest_route=\/wp\/v2\/pages\/154\/revisions"}],"predecessor-version":[{"id":1430,"href":"https:\/\/arkeo.bilkent.edu.tr\/index.php?rest_route=\/wp\/v2\/pages\/154\/revisions\/1430"}],"up":[{"embeddable":true,"href":"https:\/\/arkeo.bilkent.edu.tr\/index.php?rest_route=\/wp\/v2\/pages\/39"}],"wp:attachment":[{"href":"https:\/\/arkeo.bilkent.edu.tr\/index.php?rest_route=%2Fwp%2Fv2%2Fmedia&parent=154"}],"wp:term":[{"taxonomy":"post_tag","embeddable":true,"href":"https:\/\/arkeo.bilkent.edu.tr\/index.php?rest_route=%2Fwp%2Fv2%2Ftags&post=154"}],"curies":[{"name":"wp","href":"https:\/\/api.w.org\/{rel}","templated":true}]}}